{"id":842,"date":"2019-06-20T05:10:56","date_gmt":"2019-06-20T03:10:56","guid":{"rendered":"https:\/\/pizzeriadinapoli.it\/?page_id=842"},"modified":"2020-03-31T03:56:46","modified_gmt":"2020-03-31T01:56:46","slug":"chi-siamo","status":"publish","type":"page","link":"https:\/\/pizzeriadinapoli.it\/?page_id=842","title":{"rendered":"Chi siamo"},"content":{"rendered":"\t\t<div data-elementor-type=\"wp-post\" data-elementor-id=\"842\" class=\"elementor elementor-842\" data-elementor-settings=\"[]\">\n\t\t\t<div class=\"elementor-inner\">\n\t\t\t\t<div class=\"elementor-section-wrap\">\n\t\t\t\t\t\t\t<section class=\"elementor-element elementor-element-64134f5 elementor-section-boxed elementor-section-height-default elementor-section-height-default elementor-section elementor-top-section\" data-id=\"64134f5\" data-element_type=\"section\" data-settings=\"{&quot;background_background&quot;:&quot;classic&quot;}\">\n\t\t\t\t\t\t\t<div class=\"elementor-background-overlay\"><\/div>\n\t\t\t\t\t\t\t<div class=\"elementor-container elementor-column-gap-default\">\n\t\t\t\t<div class=\"elementor-row\">\n\t\t\t\t<div class=\"elementor-element elementor-element-2057553 elementor-column elementor-col-50 elementor-top-column\" data-id=\"2057553\" data-element_type=\"column\">\n\t\t\t<div class=\"elementor-column-wrap  elementor-element-populated\">\n\t\t\t\t\t<div class=\"elementor-widget-wrap\">\n\t\t\t\t<div class=\"elementor-element elementor-element-ab20be2 elementor-widget elementor-widget-image\" data-id=\"ab20be2\" data-element_type=\"widget\" data-widget_type=\"image.default\">\n\t\t\t\t<div class=\"elementor-widget-container\">\n\t\t\t\t\t<div class=\"elementor-image\">\n\t\t\t\t\t\t\t\t\t\t<img width=\"640\" height=\"427\" src=\"https:\/\/pizzeriadinapoli.it\/wp-content\/uploads\/2020\/01\/11.jpg\" class=\"attachment-large size-large\" alt=\"\" decoding=\"async\" loading=\"lazy\" srcset=\"https:\/\/pizzeriadinapoli.it\/wp-content\/uploads\/2020\/01\/11.jpg 640w, https:\/\/pizzeriadinapoli.it\/wp-content\/uploads\/2020\/01\/11-500x334.jpg 500w\" sizes=\"(max-width: 640px) 100vw, 640px\" \/>\t\t\t\t\t\t\t\t\t\t\t<\/div>\n\t\t\t\t<\/div>\n\t\t\t\t<\/div>\n\t\t\t\t\t\t<\/div>\n\t\t\t<\/div>\n\t\t<\/div>\n\t\t\t\t<div class=\"elementor-element elementor-element-df60eac elementor-column elementor-col-50 elementor-top-column\" data-id=\"df60eac\" data-element_type=\"column\">\n\t\t\t<div class=\"elementor-column-wrap  elementor-element-populated\">\n\t\t\t\t\t<div class=\"elementor-widget-wrap\">\n\t\t\t\t<div class=\"elementor-element elementor-element-ba59b77 elementor-widget elementor-widget-delicios-title\" data-id=\"ba59b77\" data-element_type=\"widget\" data-widget_type=\"delicios-title.default\">\n\t\t\t\t<div class=\"elementor-widget-container\">\n\t\t\t\n   <div class=\"ts-section-title title-center\">\n      <h2 class=\"section-title \">\n        La Nostra <span> Storia<\/span>     <\/h2>\n               <i class=\"icon icon-title\"><\/i>\n\t\t\t      \t\t\t\n   <\/div>\n    \n    \t\t<\/div>\n\t\t\t\t<\/div>\n\t\t\t\t<div class=\"elementor-element elementor-element-cdc8f15 elementor-widget elementor-widget-text-editor\" data-id=\"cdc8f15\" data-element_type=\"widget\" data-widget_type=\"text-editor.default\">\n\t\t\t\t<div class=\"elementor-widget-container\">\n\t\t\t\t\t<div class=\"elementor-text-editor elementor-clearfix\"><p>La firma Di Napoli, giunta ormai alla quarta generazione, nasce col il nonno Alfonso, tra la fine del 1800 e l&#8217;inizio del 1900. Grande e famoso cuoco, serviva i palati pi\u00f9 raffinati della nobilt\u00e0 napolit\u00e0, direttamente dalla cucina di via Poerio alla ferrovia, denominata gi\u00e0 allora &#8220;Pizzeria Di Napoli&#8221;.<\/p>\n<p>Suo figlio Giuseppe poi decise di trasferirsi a Fuorigrotta elaborando con grande inventiva e genio, la migliore cucina tradizionale partenopea.<\/p>\n<p><\/p><\/div>\n\t\t\t\t<\/div>\n\t\t\t\t<\/div>\n\t\t\t\t\t\t<\/div>\n\t\t\t<\/div>\n\t\t<\/div>\n\t\t\t\t\t\t<\/div>\n\t\t\t<\/div>\n\t\t<\/section>\n\t\t\t\t<section class=\"elementor-element elementor-element-7dd0c0f elementor-section-boxed elementor-section-height-default elementor-section-height-default elementor-section elementor-top-section\" data-id=\"7dd0c0f\" data-element_type=\"section\" data-settings=\"{&quot;background_background&quot;:&quot;classic&quot;}\">\n\t\t\t\t\t\t<div class=\"elementor-container elementor-column-gap-default\">\n\t\t\t\t<div class=\"elementor-row\">\n\t\t\t\t<div class=\"elementor-element elementor-element-08383da elementor-column elementor-col-50 elementor-top-column\" data-id=\"08383da\" data-element_type=\"column\">\n\t\t\t<div class=\"elementor-column-wrap  elementor-element-populated\">\n\t\t\t\t\t<div class=\"elementor-widget-wrap\">\n\t\t\t\t<div class=\"elementor-element elementor-element-f7afe06 elementor-widget elementor-widget-text-editor\" data-id=\"f7afe06\" data-element_type=\"widget\" data-widget_type=\"text-editor.default\">\n\t\t\t\t<div class=\"elementor-widget-container\">\n\t\t\t\t\t<div class=\"elementor-text-editor elementor-clearfix\"><p>Ed \u00e8 proprio a Fuorigrotta che Rino dall&#8217;et\u00e0 di 7 anni, impara ad amare e far amare la pizza napoletana. La sua passione sboccia nel giocare con la farina e l&#8217;impasto inventando gi\u00e0 da piccolino nuovi gusti e nuovi abbinamenti che faranno ancor pi\u00f9 grande la loro fama.<br>Anche Peppe poi, seguendo gli insegnamenti e la cultura del padre, contribuisce all&#8217;evoluzione dei gusti e delle abitudini curando l&#8217;aspetto del marketing moderno e le pubbliche relazioni.&nbsp;<\/p>\n<p>Da provare assolutamente la famosissima TRIS, il calzone a tre gusti della cui bont\u00e0 nessuna parola scritta pu\u00f2 sintetizzarne una corretta descrizione.<\/p><\/div>\n\t\t\t\t<\/div>\n\t\t\t\t<\/div>\n\t\t\t\t\t\t<\/div>\n\t\t\t<\/div>\n\t\t<\/div>\n\t\t\t\t<div class=\"elementor-element elementor-element-9a825e4 elementor-column elementor-col-50 elementor-top-column\" data-id=\"9a825e4\" data-element_type=\"column\" data-settings=\"{&quot;background_background&quot;:&quot;classic&quot;}\">\n\t\t\t<div class=\"elementor-column-wrap  elementor-element-populated\">\n\t\t\t\t\t<div class=\"elementor-widget-wrap\">\n\t\t\t\t<div class=\"elementor-element elementor-element-0162f9a elementor-widget elementor-widget-image\" data-id=\"0162f9a\" data-element_type=\"widget\" data-widget_type=\"image.default\">\n\t\t\t\t<div class=\"elementor-widget-container\">\n\t\t\t\t\t<div class=\"elementor-image\">\n\t\t\t\t\t\t\t\t\t\t<img width=\"548\" height=\"600\" src=\"https:\/\/pizzeriadinapoli.it\/wp-content\/uploads\/2020\/02\/rino-peppe.jpg\" class=\"elementor-animation-float attachment-full size-full\" alt=\"\" decoding=\"async\" loading=\"lazy\" srcset=\"https:\/\/pizzeriadinapoli.it\/wp-content\/uploads\/2020\/02\/rino-peppe.jpg 548w, https:\/\/pizzeriadinapoli.it\/wp-content\/uploads\/2020\/02\/rino-peppe-457x500.jpg 457w\" sizes=\"(max-width: 548px) 100vw, 548px\" \/>\t\t\t\t\t\t\t\t\t\t\t<\/div>\n\t\t\t\t<\/div>\n\t\t\t\t<\/div>\n\t\t\t\t\t\t<\/div>\n\t\t\t<\/div>\n\t\t<\/div>\n\t\t\t\t\t\t<\/div>\n\t\t\t<\/div>\n\t\t<\/section>\n\t\t\t\t<section class=\"elementor-element elementor-element-9a7bf7e elementor-section-boxed elementor-section-height-default elementor-section-height-default elementor-section elementor-top-section\" data-id=\"9a7bf7e\" data-element_type=\"section\">\n\t\t\t\t\t\t<div class=\"elementor-container elementor-column-gap-default\">\n\t\t\t\t<div class=\"elementor-row\">\n\t\t\t\t<div class=\"elementor-element elementor-element-4afdd4d elementor-column elementor-col-100 elementor-top-column\" data-id=\"4afdd4d\" data-element_type=\"column\">\n\t\t\t<div class=\"elementor-column-wrap  elementor-element-populated\">\n\t\t\t\t\t<div class=\"elementor-widget-wrap\">\n\t\t\t\t<div class=\"elementor-element elementor-element-273275e elementor-widget elementor-widget-spacer\" data-id=\"273275e\" data-element_type=\"widget\" data-widget_type=\"spacer.default\">\n\t\t\t\t<div class=\"elementor-widget-container\">\n\t\t\t\t\t<div class=\"elementor-spacer\">\n\t\t\t<div class=\"elementor-spacer-inner\"><\/div>\n\t\t<\/div>\n\t\t\t\t<\/div>\n\t\t\t\t<\/div>\n\t\t\t\t\t\t<\/div>\n\t\t\t<\/div>\n\t\t<\/div>\n\t\t\t\t\t\t<\/div>\n\t\t\t<\/div>\n\t\t<\/section>\n\t\t\t\t\t\t<\/div>\n\t\t\t<\/div>\n\t\t<\/div>\n\t\t","protected":false},"excerpt":{"rendered":"<p>La Nostra Storia La firma Di Napoli, giunta ormai alla quarta generazione, nasce col il nonno Alfonso, tra la fine del 1800 e l&#8217;inizio del 1900. Grande e famoso cuoco, serviva i palati pi\u00f9 raffinati della nobilt\u00e0 napolit\u00e0, direttamente dalla cucina di via Poerio alla ferrovia, denominata gi\u00e0 allora &#8220;Pizzeria Di Napoli&#8221;. Suo figlio Giuseppe [&hellip;]<\/p>\n","protected":false},"author":1,"featured_media":0,"parent":0,"menu_order":0,"comment_status":"closed","ping_status":"closed","template":"template\/full-width-template.php","meta":[],"_links":{"self":[{"href":"https:\/\/pizzeriadinapoli.it\/index.php?rest_route=\/wp\/v2\/pages\/842"}],"collection":[{"href":"https:\/\/pizzeriadinapoli.it\/index.php?rest_route=\/wp\/v2\/pages"}],"about":[{"href":"https:\/\/pizzeriadinapoli.it\/index.php?rest_route=\/wp\/v2\/types\/page"}],"author":[{"embeddable":true,"href":"https:\/\/pizzeriadinapoli.it\/index.php?rest_route=\/wp\/v2\/users\/1"}],"replies":[{"embeddable":true,"href":"https:\/\/pizzeriadinapoli.it\/index.php?rest_route=%2Fwp%2Fv2%2Fcomments&post=842"}],"version-history":[{"count":15,"href":"https:\/\/pizzeriadinapoli.it\/index.php?rest_route=\/wp\/v2\/pages\/842\/revisions"}],"predecessor-version":[{"id":1950,"href":"https:\/\/pizzeriadinapoli.it\/index.php?rest_route=\/wp\/v2\/pages\/842\/revisions\/1950"}],"wp:attachment":[{"href":"https:\/\/pizzeriadinapoli.it\/index.php?rest_route=%2Fwp%2Fv2%2Fmedia&parent=842"}],"curies":[{"name":"wp","href":"https:\/\/api.w.org\/{rel}","templated":true}]}}