{"id":1800,"date":"2020-05-01T20:47:48","date_gmt":"2020-05-01T18:47:48","guid":{"rendered":"https:\/\/pizzeriadinapoli.it\/?page_id=1800"},"modified":"2022-05-01T09:24:05","modified_gmt":"2022-05-01T07:24:05","slug":"privacy-policy","status":"publish","type":"page","link":"https:\/\/pizzeriadinapoli.it\/?page_id=1800","title":{"rendered":"Privacy Policy"},"content":{"rendered":"\t\t<div data-elementor-type=\"wp-page\" data-elementor-id=\"1800\" class=\"elementor elementor-1800\" data-elementor-settings=\"[]\">\n\t\t\t<div class=\"elementor-inner\">\n\t\t\t\t<div class=\"elementor-section-wrap\">\n\t\t\t\t\t\t\t<section class=\"elementor-element elementor-element-c751bed elementor-section-boxed elementor-section-height-default elementor-section-height-default elementor-section elementor-top-section\" data-id=\"c751bed\" data-element_type=\"section\">\n\t\t\t\t\t\t<div class=\"elementor-container elementor-column-gap-default\">\n\t\t\t\t<div class=\"elementor-row\">\n\t\t\t\t<div class=\"elementor-element elementor-element-d43d687 elementor-column elementor-col-100 elementor-top-column\" data-id=\"d43d687\" data-element_type=\"column\">\n\t\t\t<div class=\"elementor-column-wrap  elementor-element-populated\">\n\t\t\t\t\t<div class=\"elementor-widget-wrap\">\n\t\t\t\t<div class=\"elementor-element elementor-element-45fe26a elementor-widget elementor-widget-heading\" data-id=\"45fe26a\" data-element_type=\"widget\" data-widget_type=\"heading.default\">\n\t\t\t\t<div class=\"elementor-widget-container\">\n\t\t\t<h2 class=\"elementor-heading-title elementor-size-default\">Privacy Policy<\/h2>\t\t<\/div>\n\t\t\t\t<\/div>\n\t\t\t\t<div class=\"elementor-element elementor-element-5b0f6f2 elementor-widget elementor-widget-text-editor\" data-id=\"5b0f6f2\" data-element_type=\"widget\" data-widget_type=\"text-editor.default\">\n\t\t\t\t<div class=\"elementor-widget-container\">\n\t\t\t\t\t<div class=\"elementor-text-editor elementor-clearfix\"><h2>INFORMATIVA SUL TRATTAMENTO DI DATI PERSONALI ai sensi del Regolamento (UE) 2016\/679 del Parlamento europeo e del Consiglio del 27 aprile 2016 (GDPR)<\/h2>\n<h4>&nbsp;<\/h4>\n<h4>Premessa<\/h4>\n<p>La presente informativa \u00e8 resa per il sito \u201c<a href=\"https:\/\/pizzeriadinapoli.it\/\">https:\/\/pizzeriadinapoli.it<\/a>\u201d (<strong>Sito<\/strong>) di propriet\u00e0 <strong>Rino Di Napoli s.r.l.<\/strong>, con sede legale in Via Marc&#8217;Antonio n. 31 &#8211; 39 Napoli, Iscritta alla Camera di Commercio di Napoli con P. Iva n. 10014871213; (<strong>Titolare del Trattamento<\/strong>).<\/p>\n<h4>Marketing<\/h4>\n<p>Previo Suo consenso, il Titolare del Trattamento potr\u00e0 trattare i dati personali da Lei conferiti al fine di dell&#8217;invio di newsletter e\/o comunicazioni pubblicitarie.<\/p>\n<p>***<\/p>\n<p>In ottemperanza al GDPR, con la presente informativa il Titolare del Trattamento La informa che tratter\u00e0 i Suoi dati personali come segue.<\/p>\n<p><strong>Art. 1. Finalit\u00e0 e base giuridica del trattamento del trattamento. Conferimento obbligatorio o facoltativo. Conseguenze del rifiuto al trattamento.<\/strong><\/p>\n<p>Il trattamento dei dati personali \u00e8 diretto al raggiungimento delle seguenti finalit\u00e0:<\/p>\n<p>a. per permettere il rispetto degli obblighi derivanti dalla legge o dai regolamenti in vigore, in particolare, in ambito amministrativo, contabile, di pubblica sicurezza. La base giuridica del trattamento \u00e8 la necessit\u00e0 del Titolare del Trattamento di dare esecuzione a misure precontrattuali adottate su richiesta dell\u2019utente o per adempiere ad obblighi di legge;<\/p>\n<p>b. previo Suo consenso, per l\u2019effettuazione di indagini di mercato, anche dirette a valutare il grado di soddisfazione degli utenti, e l\u2019invio di newsletter e\/o comunicazioni pubblicitarie, a mezzo di sistemi quali email (<strong>finalit\u00e0 di marketing<\/strong>); La base giuridica del trattamento \u00e8 il Suo consenso a ricevere questo tipo di comunicazioni;<\/p>\n<p>c. per rispondere per email, telefono, posta alle Sue richieste. Il conferimento \u00e8 facoltativo, ma il Suo rifiuto comporter\u00e0 l\u2019impossibilit\u00e0 per il Titolare del Trattamento di rispondere alle Sue richieste. La base giuridica del trattamento \u00e8 il legittimo interesse del Titolare del Trattamento a rispondere alle richieste dell\u2019utente. Questo interesse \u00e8 pari all&#8217;interesse dell&#8217;utente a ricevere risposta alle comunicazioni inviate al Titolare del Trattamento.<\/p>\n<p>L\u2019assenso al trattamento dei Suoi dati per finalit\u00e0 di marketing \u00e8 meramente facoltativo. Il mancato assenso implicher\u00e0 esclusivamente le conseguenze di seguito descritte.<\/p>\n<p>Il mancato assenso al trattamento dei dati per finalit\u00e0 di marketing comporter\u00e0 l\u2019impossibilit\u00e0 per Lei di ricevere newsletter e\/o comunicazioni pubblicitarie nonch\u00e9 l&#8217;impossibilit\u00e0 per la Societ\u00e0 di svolgere indagini di mercato, anche dirette a valutare il grado di soddisfazione degli utenti<\/p>\n<p>Le ricordiamo che Lei potr\u00e0 opporsi al trattamento dei Suoi dati personali anche tramite apposito link presente in calce a qualsiasi email inviata dal Titolare del Trattamento.<\/p>\n<h4>Dati particolari<\/h4>\n<p>Il Titolare del Trattamento non tratta dati particolari o giudiziari.<\/p>\n<p><strong>Art. 2. Modalit\u00e0 del trattamento<\/strong><\/p>\n<p>Il trattamento dei dati personali che La riguardano sar\u00e0 principalmente effettuato con l\u2019ausilio di mezzi elettronici o comunque automatizzati, secondo le modalit\u00e0 e con gli strumenti idonei a garantirne la sicurezza e la riservatezza in conformit\u00e0 al GDPR.<\/p>\n<p>Le informazioni acquisite e le modalit\u00e0 del trattamento saranno pertinenti e non eccedenti rispetto alla tipologia dei servizi resi. I dati saranno altres\u00ec gestiti e protetti in ambienti il cui accesso \u00e8 sotto costante controllo.<\/p>\n<p><strong>Art. 3. Comunicazione e diffusione dei dati<\/strong><\/p>\n<p>I Suoi dati potranno essere comunicati:<\/p>\n<ul>\n<li>a tutti quei soggetti (ivi incluse le Pubbliche Autorit\u00e0) che hanno accesso ai dati personali in forza di provvedimenti normativi o amministrativi<\/li>\n<li>a societ\u00e0, consulenti o professionisti eventualmente incaricati dell\u2019installazione, della manutenzione,dell\u2019aggiornamento e, in generale, della gestione degli hardware e software del Titolare del Trattamento o di cui il Titolare del Trattamento si serve per l\u2019erogazione dei propri servizi<\/li>\n<li>a societ\u00e0 esterne incaricate dell\u2019invio di comunicazioni pubblicitarie per conto del Titolare del Trattamento<\/li>\n<li>a tutte quei soggetti pubblici e\/o privati, persone fisiche e\/o giuridiche (studi di consulenza legale, amministrativa e fiscale, Uffici Giudiziari, Camere di Commercio, Camere ed Uffici del Lavoro, ecc.),qualora la comunicazione risulti necessaria o funzionale al corretto adempimento degli obblighi derivanti dalla legge.<\/li>\n<\/ul>\n<p>I dati che la riguardano non saranno diffusi, se non in forma anonima ed aggregata, per finalit\u00e0 statistiche o di ricerca.<\/p>\n<p><strong>Art. 4. Titolare del Trattamento<\/strong><\/p>\n<p>Il Titolare del Trattamento pu\u00f2 essere contatto ai seguenti recapiti:<\/p>\n<p>Rino Di Napoli s.r.l. Via Marc&#8217;Antonio n. 31 (quart. Fuorigrotta) &#8211; Napoli<br>Telefono: 081 2396942<br>Email: info@pizzeriadinapoli.it<br>Attraverso il modulo di contatto presente sul Sito.<\/p>\n<p><strong>Art. 5. Conservazione dei dati personali<\/strong><\/p>\n<p>I dati dell&#8217;utente saranno conservati per il solo tempo necessario a garantire il corretto adempimento delle finalit\u00e0 indicate nella presente informativa.<\/p>\n<p>In ogni caso, resta inteso che i dati personali saranno conservati e trattati per finalit\u00e0 di marketing per il periodo di tempo consentito dalla legge e dalle prescrizioni del Garante per la Protezione dei Dati Personali. Al termine di tale periodo il Titolare del Trattamento potr\u00e0 chiedere all&#8217;utente di rinnovare il consenso al trattamento dei suoi dati per tali finalit\u00e0 o rendere gli stessi in forma anonima e conservarli solamente per fini statistici o storici.<\/p>\n<p><strong>Art. 6. Diritti dell&#8217;interessato<\/strong><\/p>\n<p>Ai sensi dell\u2019art. 13 del GDPR, il Titolare del Trattamento La informa che Lei ha diritto di:<\/p>\n<ul>\n<li>chiedere al Titolare del Trattamento l\u2019accesso ai dati personali e la rettifica o la cancellazione degli stessi o la limitazione del trattamento che La riguardano o di opporsi al loro trattamento, oltre al diritto alla portabilit\u00e0 dei dati<\/li>\n<li>revocare il consenso in qualsiasi momento senza pregiudicare la liceit\u00e0 del trattamento basata sul consenso prestato prima della revoca<\/li>\n<li>proporre reclamo a un\u2019autorit\u00e0 di controllo (es.: il Garante per la protezione dei dati personali).<\/li>\n<\/ul>\n<p>I diritti di cui sopra potranno essere esercitati con richiesta rivolta senza formalit\u00e0 al Titolare del Trattamento ai contatti sopra indicati.<\/p>\n<p><strong>Art. 7. Modifiche<\/strong><\/p>\n<p>Il Titolare del Trattamento si riserva il diritto di apportare modifiche alla presente informativa in qualsiasi momento, dandone idonea pubblicit\u00e0 agli utenti del Sito e garantendo in ogni caso una adeguata ed analoga protezione dei dati personali. Al fine di visionare eventuali modifiche, Lei \u00e8 invitato a consultare con regolarit\u00e0 la presente informativa.<\/p><\/div>\n\t\t\t\t<\/div>\n\t\t\t\t<\/div>\n\t\t\t\t<div class=\"elementor-element elementor-element-6fff95f elementor-widget elementor-widget-spacer\" data-id=\"6fff95f\" data-element_type=\"widget\" data-widget_type=\"spacer.default\">\n\t\t\t\t<div class=\"elementor-widget-container\">\n\t\t\t\t\t<div class=\"elementor-spacer\">\n\t\t\t<div class=\"elementor-spacer-inner\"><\/div>\n\t\t<\/div>\n\t\t\t\t<\/div>\n\t\t\t\t<\/div>\n\t\t\t\t\t\t<\/div>\n\t\t\t<\/div>\n\t\t<\/div>\n\t\t\t\t\t\t<\/div>\n\t\t\t<\/div>\n\t\t<\/section>\n\t\t\t\t\t\t<\/div>\n\t\t\t<\/div>\n\t\t<\/div>\n\t\t","protected":false},"excerpt":{"rendered":"<p>Privacy Policy INFORMATIVA SUL TRATTAMENTO DI DATI PERSONALI ai sensi del Regolamento (UE) 2016\/679 del Parlamento europeo e del Consiglio del 27 aprile 2016 (GDPR) &nbsp; Premessa La presente informativa \u00e8 resa per il sito \u201chttps:\/\/pizzeriadinapoli.it\u201d (Sito) di propriet\u00e0 Rino Di Napoli s.r.l., con sede legale in Via Marc&#8217;Antonio n. 31 &#8211; 39 Napoli, Iscritta [&hellip;]<\/p>\n","protected":false},"author":1,"featured_media":0,"parent":0,"menu_order":0,"comment_status":"closed","ping_status":"closed","template":"template\/full-width-template.php","meta":[],"_links":{"self":[{"href":"https:\/\/pizzeriadinapoli.it\/index.php?rest_route=\/wp\/v2\/pages\/1800"}],"collection":[{"href":"https:\/\/pizzeriadinapoli.it\/index.php?rest_route=\/wp\/v2\/pages"}],"about":[{"href":"https:\/\/pizzeriadinapoli.it\/index.php?rest_route=\/wp\/v2\/types\/page"}],"author":[{"embeddable":true,"href":"https:\/\/pizzeriadinapoli.it\/index.php?rest_route=\/wp\/v2\/users\/1"}],"replies":[{"embeddable":true,"href":"https:\/\/pizzeriadinapoli.it\/index.php?rest_route=%2Fwp%2Fv2%2Fcomments&post=1800"}],"version-history":[{"count":6,"href":"https:\/\/pizzeriadinapoli.it\/index.php?rest_route=\/wp\/v2\/pages\/1800\/revisions"}],"predecessor-version":[{"id":1891,"href":"https:\/\/pizzeriadinapoli.it\/index.php?rest_route=\/wp\/v2\/pages\/1800\/revisions\/1891"}],"wp:attachment":[{"href":"https:\/\/pizzeriadinapoli.it\/index.php?rest_route=%2Fwp%2Fv2%2Fmedia&parent=1800"}],"curies":[{"name":"wp","href":"https:\/\/api.w.org\/{rel}","templated":true}]}}